{"id":144,"date":"2018-11-19T16:27:58","date_gmt":"2018-11-19T16:27:58","guid":{"rendered":"https:\/\/www.meyco.com.tr\/?page_id=144"},"modified":"2022-04-01T12:47:43","modified_gmt":"2022-04-01T12:47:43","slug":"nar","status":"publish","type":"page","link":"https:\/\/www.meyco.com.tr\/tr\/nar\/","title":{"rendered":"Nar"},"content":{"rendered":"<div class=\"vce-row-container\"><div class=\"vce-row vce-element--has-background vce-row--col-gap-30 vce-row-columns--top vce-row-content--middle\" data-vce-full-width=\"true\" id=\"el-be174951\" data-vce-do-apply=\"all el-be174951\"><div class=\"vce-content-background-container\"><div class=\"vce-asset-background-simple-container vce-visible-all-only vce-asset-background-simple--style-cover vce-asset-background-simple--position-center-top\"><div class=\"vce-asset-background-simple\"><div class=\"vce-asset-background-simple-item\" style=\"background-image: url('https:\/\/www.meyco.com.tr\/wp-content\/uploads\/2018\/11\/nar-bg.jpg');\"><\/div><\/div><\/div><\/div><div class=\"vce-row-content\" data-vce-element-content=\"true\" style=\"padding-left: 100.094px; padding-right: 100.094px;\"><div class=\"vce-col vce-col--md-100p vce-col--xs-1 vce-col--xs-last vce-col--xs-first vce-col--sm-last vce-col--sm-first vce-col--md-last vce-col--lg-last vce-col--xl-last vce-col--md-first vce-col--lg-first vce-col--xl-first\" id=\"el-29abe6c9\"><div class=\"vce-col-inner\" data-vce-do-apply=\"border margin background  el-29abe6c9\"><div class=\"vce-col-content\" data-vce-element-content=\"true\" data-vce-do-apply=\"padding el-29abe6c9\"><div class=\"vce-google-fonts-heading vce-google-fonts-heading--align-left vce-google-fonts-heading--color-b-255-255-255--45--5C00FF--FF7200 vce-google-fonts-heading--font-family-Nunito\"><div class=\"vce-google-fonts-heading-wrapper\"><div class=\"vce-google-fonts-heading--background vce\" id=\"el-337411f3\" data-vce-do-apply=\"border background  padding margin el-337411f3\"><h1 class=\"vce-google-fonts-heading-inner\" style=\"font-weight: 800;\">NAR<\/h1><\/div><\/div><\/div><\/div><\/div><\/div><\/div><\/div><\/div><div class=\"vce-row-container\"><div class=\"vce-row vce-element--has-background vce-row--col-gap-30 vce-row-equal-height vce-row-columns--top vce-row-content--middle\" data-vce-full-width=\"true\" id=\"el-7491c36c\" data-vce-do-apply=\"all el-7491c36c\"><div class=\"vce-content-background-container\"><\/div><div class=\"vce-row-content\" data-vce-element-content=\"true\" style=\"padding-left: 100.094px; padding-right: 100.094px;\"><div class=\"vce-col vce-col--md-50p vce-col--xs-1 vce-col--xs-last vce-col--xs-first vce-col--sm-last vce-col--sm-first vce-col--md-first vce-col--lg-first vce-col--xl-first\" id=\"el-8c2cf291\"><div class=\"vce-col-inner\" data-vce-do-apply=\"border margin background  el-8c2cf291\"><div class=\"vce-col-content\" data-vce-element-content=\"true\" data-vce-do-apply=\"padding el-8c2cf291\"><div class=\"vce-single-image-container vce-single-image--align-center\"><div class=\"vce vce-single-image-wrapper\" id=\"el-c8815328\" data-vce-do-apply=\"all el-c8815328\"><figure><div class=\"vce-single-image-inner vce-single-image--absolute\" style=\"padding-bottom: 100%; width: 800px;\"><img class=\"vce-single-image\" width=\"800\" height=\"800\"src=\"https:\/\/www.meyco.com.tr\/wp-content\/uploads\/2022\/04\/nar-photo-800x800.jpg\" srcset=\"https:\/\/www.meyco.com.tr\/wp-content\/uploads\/2022\/04\/nar-photo-320x320.jpg 320w,https:\/\/www.meyco.com.tr\/wp-content\/uploads\/2022\/04\/nar-photo-480x480.jpg 480w,https:\/\/www.meyco.com.tr\/wp-content\/uploads\/2022\/04\/nar-photo-800x800.jpg 800w,https:\/\/www.meyco.com.tr\/wp-content\/uploads\/2022\/04\/nar-photo-800x800.jpg 800w\" data-img-src=\"https:\/\/www.meyco.com.tr\/wp-content\/uploads\/2018\/11\/nar-photo.jpg\" alt=\"\" title=\"nar-photo\"\/><\/div><\/figure><\/div><\/div><\/div><\/div><\/div><div class=\"vce-col vce-col--md-50p vce-col--xs-1 vce-col--xs-last vce-col--xs-first vce-col--sm-last vce-col--sm-first vce-col--md-last vce-col--lg-last vce-col--xl-last\" id=\"el-f3f81a36\"><div class=\"vce-col-inner\" data-vce-do-apply=\"border margin background  el-f3f81a36\"><div class=\"vce-col-content\" data-vce-element-content=\"true\" data-vce-do-apply=\"padding el-f3f81a36\"><div class=\"vce-text-block\"><div class=\"vce-text-block-wrapper vce\" id=\"el-e72ed60e\" data-vce-do-apply=\"all el-e72ed60e\"><p class=\"p1\"><span class=\"s1\">Mezopotamya\u2019dan R\u00f6nesansa ve g\u00fcn\u00fcm\u00fcz modern d\u00fcnyas\u0131na, sanat\u00e7\u0131lar, sivilizasyonlar, dinler ve bilim adamlar\u0131 8.000 y\u0131ld\u0131r bu b\u00fcy\u00fcleyici meyveden etkilenmektedirler.<\/span><\/p><p class=\"p1\"><span class=\"s1\">Hicaz Nar\u0131: En iyi bilinen meyve, antioksidan\u0131 \u00e7ok y\u00fcksek olan koyu k\u0131rm\u0131z\u0131 sulu taneli, b\u00fcy\u00fck koyu mor-k\u0131rm\u0131z\u0131 nar \u00e7e\u015fitidir. Meyve suyu ve taze yemek i\u00e7in ideal bir meyvedir. A\u011fac\u0131 b\u00fcy\u00fcleyici \u00e7i\u00e7ekleri ile g\u00fc\u00e7l\u00fc ve \u00fcretkendir. Narlar, so\u011fuk k\u0131\u015flar ve uzun kuru yazlar ile en iyi \u015fekilde b\u00fcy\u00fcrler. Yaz sezonu \u00e7ok so\u011fuk veya \u00e7ok k\u0131sa b\u00f6lgelerde istenilen olgunla\u015fma sa\u011flanamayabilir.&nbsp;<\/span><\/p><p class=\"p1\"><span class=\"s1\">T\u00fcrkiye nin bir \u00e7ok b\u00f6lgesinde yeti\u015ftirilebilmekle birlikte, nar i\u00e7in en uygun iklim yazlar\u0131 uzun ve kurak ge\u00e7en Akdeniz iklimidir. Bu sebepten Meyco, ful aromas\u0131 ve lezzeti i\u00e7in Hicaz nar\u0131n\u0131 Akdeniz Antalya B\u00f6lgesinde yeti\u015ftirmekte ve \u00f6zenle se\u00e7ilmi\u015f bah\u00e7elerde yeti\u015ftirlme s\u00fcrecini koordine etmektedir.<\/span><\/p><\/div><\/div><\/div><\/div><\/div><\/div><\/div><\/div><div class=\"vce-row-container\"><div class=\"vce-row vce-element--has-background vce-row--col-gap-30 vce-row-columns--top vce-row-content--top\" data-vce-full-width=\"true\" id=\"el-1490c7ab\" data-vce-do-apply=\"all el-1490c7ab\"><div class=\"vce-content-background-container\"><\/div><div class=\"vce-row-content\" data-vce-element-content=\"true\" style=\"padding-left: 100.094px; padding-right: 100.094px;\"><div class=\"vce-col vce-col--md-100p vce-col--xs-1 vce-col--xs-last vce-col--xs-first vce-col--sm-last vce-col--sm-first vce-col--md-last vce-col--lg-last vce-col--xl-last vce-col--md-first vce-col--lg-first vce-col--xl-first\" id=\"el-4dd99435\"><div class=\"vce-col-inner\" data-vce-do-apply=\"border margin background  el-4dd99435\"><div class=\"vce-col-content\" data-vce-element-content=\"true\" data-vce-do-apply=\"padding el-4dd99435\"><div class=\"vce-image-masonry-gallery\"><div class=\"vce-image-masonry-gallery-wrapper vce vce-image-masonry-gallery--gap-10 vce-image-masonry-gallery--columns-2\" id=\"el-0dda37dd\" data-vce-do-apply=\"all el-0dda37dd\"><div class=\"vce-image-masonry-gallery-list\"><div class=\"vce-image-masonry-gallery-column\"><a href=\"https:\/\/www.meyco.com.tr\/wp-content\/uploads\/2018\/11\/shutterstock_143353132.jpg\" data-lightbox=\"lightbox-0dda37dd\" class=\"vce-image-masonry-gallery-item\"><img decoding=\"async\" class=\"vce-image-masonry-gallery-img\" src=\"https:\/\/www.meyco.com.tr\/wp-content\/uploads\/2018\/11\/shutterstock_143353132.jpg\" alt=\"\"><\/a><a href=\"https:\/\/www.meyco.com.tr\/wp-content\/uploads\/2019\/04\/nar-3.jpg\" data-lightbox=\"lightbox-0dda37dd\" class=\"vce-image-masonry-gallery-item\"><img decoding=\"async\" class=\"vce-image-masonry-gallery-img\" src=\"https:\/\/www.meyco.com.tr\/wp-content\/uploads\/2019\/04\/nar-3.jpg\" alt=\"\"><\/a><a href=\"https:\/\/www.meyco.com.tr\/wp-content\/uploads\/2019\/12\/WhatsApp-Image-2019-12-06-at-15.58.141.jpeg\" data-lightbox=\"lightbox-0dda37dd\" class=\"vce-image-masonry-gallery-item\"><img decoding=\"async\" class=\"vce-image-masonry-gallery-img\" src=\"https:\/\/www.meyco.com.tr\/wp-content\/uploads\/2019\/12\/WhatsApp-Image-2019-12-06-at-15.58.141.jpeg\" alt=\"\"><\/a><a href=\"https:\/\/www.meyco.com.tr\/wp-content\/uploads\/2019\/12\/WhatsApp-Image-2019-12-06-at-15.58.15.jpeg\" data-lightbox=\"lightbox-0dda37dd\" class=\"vce-image-masonry-gallery-item\"><img decoding=\"async\" class=\"vce-image-masonry-gallery-img\" src=\"https:\/\/www.meyco.com.tr\/wp-content\/uploads\/2019\/12\/WhatsApp-Image-2019-12-06-at-15.58.15.jpeg\" alt=\"\"><\/a><a href=\"https:\/\/www.meyco.com.tr\/wp-content\/uploads\/2022\/04\/IMG_1808.jpg\" data-lightbox=\"lightbox-0dda37dd\" class=\"vce-image-masonry-gallery-item\"><img decoding=\"async\" class=\"vce-image-masonry-gallery-img\" src=\"https:\/\/www.meyco.com.tr\/wp-content\/uploads\/2022\/04\/IMG_1808.jpg\" alt=\"\"><\/a><\/div><div class=\"vce-image-masonry-gallery-column\"><a href=\"https:\/\/www.meyco.com.tr\/wp-content\/uploads\/2018\/11\/29bb613e-c56f-4ecb-8abc-c70d558c9328.jpg\" data-lightbox=\"lightbox-0dda37dd\" class=\"vce-image-masonry-gallery-item\"><img decoding=\"async\" class=\"vce-image-masonry-gallery-img\" src=\"https:\/\/www.meyco.com.tr\/wp-content\/uploads\/2018\/11\/29bb613e-c56f-4ecb-8abc-c70d558c9328.jpg\" alt=\"\"><\/a><a href=\"https:\/\/www.meyco.com.tr\/wp-content\/uploads\/2019\/04\/nar-2.jpg\" data-lightbox=\"lightbox-0dda37dd\" class=\"vce-image-masonry-gallery-item\"><img decoding=\"async\" class=\"vce-image-masonry-gallery-img\" src=\"https:\/\/www.meyco.com.tr\/wp-content\/uploads\/2019\/04\/nar-2.jpg\" alt=\"\"><\/a><a href=\"https:\/\/www.meyco.com.tr\/wp-content\/uploads\/2019\/04\/nar.jpg\" data-lightbox=\"lightbox-0dda37dd\" class=\"vce-image-masonry-gallery-item\"><img decoding=\"async\" class=\"vce-image-masonry-gallery-img\" src=\"https:\/\/www.meyco.com.tr\/wp-content\/uploads\/2019\/04\/nar.jpg\" alt=\"\"><\/a><a href=\"https:\/\/www.meyco.com.tr\/wp-content\/uploads\/2019\/12\/WhatsApp-Image-2019-12-06-at-15.58.142.jpeg\" data-lightbox=\"lightbox-0dda37dd\" class=\"vce-image-masonry-gallery-item\"><img decoding=\"async\" class=\"vce-image-masonry-gallery-img\" src=\"https:\/\/www.meyco.com.tr\/wp-content\/uploads\/2019\/12\/WhatsApp-Image-2019-12-06-at-15.58.142.jpeg\" alt=\"\"><\/a><a href=\"https:\/\/www.meyco.com.tr\/wp-content\/uploads\/2019\/12\/WhatsApp-Image-2019-12-06-at-15.58.30.jpeg\" data-lightbox=\"lightbox-0dda37dd\" class=\"vce-image-masonry-gallery-item\"><img decoding=\"async\" class=\"vce-image-masonry-gallery-img\" src=\"https:\/\/www.meyco.com.tr\/wp-content\/uploads\/2019\/12\/WhatsApp-Image-2019-12-06-at-15.58.30.jpeg\" alt=\"\"><\/a><a href=\"https:\/\/www.meyco.com.tr\/wp-content\/uploads\/2019\/12\/WhatsApp-Image-2019-12-06-at-15.58.31.jpeg\" data-lightbox=\"lightbox-0dda37dd\" class=\"vce-image-masonry-gallery-item\"><img decoding=\"async\" class=\"vce-image-masonry-gallery-img\" src=\"https:\/\/www.meyco.com.tr\/wp-content\/uploads\/2019\/12\/WhatsApp-Image-2019-12-06-at-15.58.31.jpeg\" alt=\"\"><\/a><a href=\"https:\/\/www.meyco.com.tr\/wp-content\/uploads\/2022\/04\/nar-2.jpg\" data-lightbox=\"lightbox-0dda37dd\" class=\"vce-image-masonry-gallery-item\"><img decoding=\"async\" class=\"vce-image-masonry-gallery-img\" src=\"https:\/\/www.meyco.com.tr\/wp-content\/uploads\/2022\/04\/nar-2.jpg\" alt=\"\"><\/a><\/div><\/div><\/div><\/div><\/div><\/div><\/div><\/div><\/div><\/div>\n","protected":false},"excerpt":{"rendered":"<p>NARMezopotamya\u2019dan R\u00f6nesansa ve g\u00fcn\u00fcm\u00fcz modern d\u00fcnyas\u0131na, sanat\u00e7\u0131lar, sivilizasyonlar, dinler ve bilim adamlar\u0131 8.000 y\u0131ld\u0131r bu b\u00fcy\u00fcleyici meyveden etkilenmektedirler.Hicaz Nar\u0131: En iyi bilinen meyve, antioksidan\u0131 \u00e7ok y\u00fcksek<span class=\"excerpt-hellip\"> [\u2026]<\/span><\/p>\n","protected":false},"author":1,"featured_media":0,"parent":0,"menu_order":0,"comment_status":"closed","ping_status":"closed","template":"","meta":{"_exactmetrics_skip_tracking":false,"_exactmetrics_sitenote_active":false,"_exactmetrics_sitenote_note":"","_exactmetrics_sitenote_category":0,"footnotes":""},"_links":{"self":[{"href":"https:\/\/www.meyco.com.tr\/tr\/wp-json\/wp\/v2\/pages\/144\/"}],"collection":[{"href":"https:\/\/www.meyco.com.tr\/tr\/wp-json\/wp\/v2\/pages\/"}],"about":[{"href":"https:\/\/www.meyco.com.tr\/tr\/wp-json\/wp\/v2\/types\/page\/"}],"author":[{"embeddable":true,"href":"https:\/\/www.meyco.com.tr\/tr\/wp-json\/wp\/v2\/users\/1\/"}],"replies":[{"embeddable":true,"href":"https:\/\/www.meyco.com.tr\/tr\/wp-json\/wp\/v2\/comments\/?post=144"}],"version-history":[{"count":13,"href":"https:\/\/www.meyco.com.tr\/tr\/wp-json\/wp\/v2\/pages\/144\/revisions\/"}],"predecessor-version":[{"id":548,"href":"https:\/\/www.meyco.com.tr\/tr\/wp-json\/wp\/v2\/pages\/144\/revisions\/548\/"}],"wp:attachment":[{"href":"https:\/\/www.meyco.com.tr\/tr\/wp-json\/wp\/v2\/media\/?parent=144"}],"curies":[{"name":"wp","href":"https:\/\/api.w.org\/{rel}","templated":true}]}}