{"id":159,"date":"2018-11-19T17:39:37","date_gmt":"2018-11-19T17:39:37","guid":{"rendered":"https:\/\/www.meyco.com.tr\/?page_id=159"},"modified":"2022-04-01T12:41:38","modified_gmt":"2022-04-01T12:41:38","slug":"incir","status":"publish","type":"page","link":"https:\/\/www.meyco.com.tr\/tr\/incir\/","title":{"rendered":"\u0130ncir"},"content":{"rendered":"<div class=\"vce-row-container\"><div class=\"vce-row vce-element--has-background vce-row--col-gap-30 vce-row-columns--top vce-row-content--middle\" data-vce-full-width=\"true\" id=\"el-be174951\" data-vce-do-apply=\"all el-be174951\"><div class=\"vce-content-background-container\"><div class=\"vce-asset-background-simple-container vce-visible-all-only vce-asset-background-simple--style-cover vce-asset-background-simple--position-center-top\"><div class=\"vce-asset-background-simple\"><div class=\"vce-asset-background-simple-item\" style=\"background-image: url('https:\/\/www.meyco.com.tr\/wp-content\/uploads\/2018\/11\/incir-bg.jpg');\"><\/div><\/div><\/div><\/div><div class=\"vce-row-content\" data-vce-element-content=\"true\" style=\"padding-left: 100.094px; padding-right: 100.094px;\"><div class=\"vce-col vce-col--md-100p vce-col--xs-1 vce-col--xs-last vce-col--xs-first vce-col--sm-last vce-col--sm-first vce-col--md-last vce-col--lg-last vce-col--xl-last vce-col--md-first vce-col--lg-first vce-col--xl-first\" id=\"el-29abe6c9\"><div class=\"vce-col-inner\" data-vce-do-apply=\"border margin background  el-29abe6c9\"><div class=\"vce-col-content\" data-vce-element-content=\"true\" data-vce-do-apply=\"padding el-29abe6c9\"><div class=\"vce-google-fonts-heading vce-google-fonts-heading--align-left vce-google-fonts-heading--color-b-255-255-255--45--5C00FF--FF7200 vce-google-fonts-heading--font-family-Nunito\"><div class=\"vce-google-fonts-heading-wrapper\"><div class=\"vce-google-fonts-heading--background vce\" id=\"el-337411f3\" data-vce-do-apply=\"border background  padding margin el-337411f3\"><h1 class=\"vce-google-fonts-heading-inner\" style=\"font-weight: 800;\">\u0130NC\u0130R<\/h1><\/div><\/div><\/div><\/div><\/div><\/div><\/div><\/div><\/div><div class=\"vce-row-container\"><div class=\"vce-row vce-element--has-background vce-row--col-gap-30 vce-row-equal-height vce-row-columns--top vce-row-content--middle\" data-vce-full-width=\"true\" id=\"el-f5dc05f4\" data-vce-do-apply=\"all el-f5dc05f4\"><div class=\"vce-content-background-container\"><\/div><div class=\"vce-row-content\" data-vce-element-content=\"true\" style=\"padding-left: 100.094px; padding-right: 100.094px;\"><div class=\"vce-col vce-col--md-50p vce-col--xs-1 vce-col--xs-last vce-col--xs-first vce-col--sm-last vce-col--sm-first vce-col--md-first vce-col--lg-first vce-col--xl-first\" id=\"el-458abf66\"><div class=\"vce-col-inner\" data-vce-do-apply=\"border margin background  el-458abf66\"><div class=\"vce-col-content\" data-vce-element-content=\"true\" data-vce-do-apply=\"padding el-458abf66\"><div class=\"vce-single-image-container vce-single-image--align-center\"><div class=\"vce vce-single-image-wrapper\" id=\"el-050c3c5e\" data-vce-do-apply=\"all el-050c3c5e\"><figure><div class=\"vce-single-image-inner vce-single-image--absolute\" style=\"padding-bottom: 100%; width: 800px;\"><img class=\"vce-single-image\" width=\"800\" height=\"800\"src=\"https:\/\/www.meyco.com.tr\/wp-content\/uploads\/2022\/04\/incir-photo-800x800.jpg\" srcset=\"https:\/\/www.meyco.com.tr\/wp-content\/uploads\/2022\/04\/incir-photo-320x320.jpg 320w,https:\/\/www.meyco.com.tr\/wp-content\/uploads\/2022\/04\/incir-photo-480x480.jpg 480w,https:\/\/www.meyco.com.tr\/wp-content\/uploads\/2022\/04\/incir-photo-800x800.jpg 800w,https:\/\/www.meyco.com.tr\/wp-content\/uploads\/2022\/04\/incir-photo-800x800.jpg 800w\" data-img-src=\"https:\/\/www.meyco.com.tr\/wp-content\/uploads\/2018\/11\/incir-photo.jpg\" alt=\"\" title=\"incir-photo\"\/><\/div><\/figure><\/div><\/div><\/div><\/div><\/div><div class=\"vce-col vce-col--md-50p vce-col--xs-1 vce-col--xs-last vce-col--xs-first vce-col--sm-last vce-col--sm-first vce-col--md-last vce-col--lg-last vce-col--xl-last\" id=\"el-a0a19eb7\"><div class=\"vce-col-inner\" data-vce-do-apply=\"border margin background  el-a0a19eb7\"><div class=\"vce-col-content\" data-vce-element-content=\"true\" data-vce-do-apply=\"padding el-a0a19eb7\"><div class=\"vce-text-block\"><div class=\"vce-text-block-wrapper vce\" id=\"el-34235665\" data-vce-do-apply=\"all el-34235665\"><p><span class=\"s2\">Bursa siyah inciri orta ve b\u00fcy\u00fck ebatlarda bir meyvedir. Ger\u00e7ekten narin ve olgunla\u015ft\u0131k\u00e7a m\u00fckemmel bir aromaya ve bal gibi bir lezzete sahip olan benzersiz bir taze incir \u00e7e\u015fididir. Koyu morumsu-siyah rengi ile, yumu\u015fak dokunu\u015fta kadifemsi bir hassasiyet g\u00f6r\u00fcld\u00fc\u011f\u00fcnde meyve tam anlam\u0131yla olgunla\u015fm\u0131\u015f demektir.<\/span><\/p><p><span class=\"s2\">Eyl\u00fcl ay\u0131ndan Kas\u0131m ay\u0131n\u0131n ba\u015flar\u0131na kadar olan T\u00fcrk Bursa kara incir sezonu, t\u00fcketicilerin iyi miktarlarda <span class=\"Apple-converted-space\">&nbsp; <\/span>lezzetli, makul fiyatl\u0131 taze incirlerini tatmalar\u0131 i\u00e7in y\u0131l\u0131n en iyi sezonudur.<\/span><\/p><p>&nbsp;<iframe loading=\"lazy\" src=\"https:\/\/www.youtube.com\/embed\/bHRNYtNMUwU?start=21\" width=\"560\" height=\"315\" frameborder=\"0\" allowfullscreen=\"allowfullscreen\"><\/iframe><\/p><\/div><\/div><\/div><\/div><\/div><\/div><\/div><\/div><div class=\"vce-row-container\"><div class=\"vce-row vce-element--has-background vce-row--col-gap-30 vce-row-columns--top vce-row-content--top\" data-vce-full-width=\"true\" id=\"el-f2202616\" data-vce-do-apply=\"all el-f2202616\"><div class=\"vce-content-background-container\"><\/div><div class=\"vce-row-content\" data-vce-element-content=\"true\" style=\"padding-left: 100.094px; padding-right: 100.094px;\"><div class=\"vce-col vce-col--md-100p vce-col--xs-1 vce-col--xs-last vce-col--xs-first vce-col--sm-last vce-col--sm-first vce-col--md-last vce-col--lg-last vce-col--xl-last vce-col--md-first vce-col--lg-first vce-col--xl-first\" id=\"el-afc8ae71\"><div class=\"vce-col-inner\" data-vce-do-apply=\"border margin background  el-afc8ae71\"><div class=\"vce-col-content\" data-vce-element-content=\"true\" data-vce-do-apply=\"padding el-afc8ae71\"><div class=\"vce-image-masonry-gallery\"><div class=\"vce-image-masonry-gallery-wrapper vce vce-image-masonry-gallery--gap-10 vce-image-masonry-gallery--columns-2\" id=\"el-680cebd1\" data-vce-do-apply=\"all el-680cebd1\"><div class=\"vce-image-masonry-gallery-list\"><div class=\"vce-image-masonry-gallery-column\"><a href=\"https:\/\/www.meyco.com.tr\/wp-content\/uploads\/2018\/11\/shutterstock_157640120.jpg\" data-lightbox=\"lightbox-680cebd1\" class=\"vce-image-masonry-gallery-item\"><img decoding=\"async\" class=\"vce-image-masonry-gallery-img\" src=\"https:\/\/www.meyco.com.tr\/wp-content\/uploads\/2018\/11\/shutterstock_157640120.jpg\" alt=\"\"><\/a><a href=\"https:\/\/www.meyco.com.tr\/wp-content\/uploads\/2018\/11\/shutterstock_154631720.jpg\" data-lightbox=\"lightbox-680cebd1\" class=\"vce-image-masonry-gallery-item\"><img decoding=\"async\" class=\"vce-image-masonry-gallery-img\" src=\"https:\/\/www.meyco.com.tr\/wp-content\/uploads\/2018\/11\/shutterstock_154631720.jpg\" alt=\"\"><\/a><a href=\"https:\/\/www.meyco.com.tr\/wp-content\/uploads\/2022\/04\/IMG_1338-scaled.jpg\" data-lightbox=\"lightbox-680cebd1\" class=\"vce-image-masonry-gallery-item\"><img decoding=\"async\" class=\"vce-image-masonry-gallery-img\" src=\"https:\/\/www.meyco.com.tr\/wp-content\/uploads\/2022\/04\/IMG_1338-scaled.jpg\" alt=\"\"><\/a><\/div><div class=\"vce-image-masonry-gallery-column\"><a href=\"https:\/\/www.meyco.com.tr\/wp-content\/uploads\/2018\/11\/shutterstock_1140681317-1.jpg\" data-lightbox=\"lightbox-680cebd1\" class=\"vce-image-masonry-gallery-item\"><img decoding=\"async\" class=\"vce-image-masonry-gallery-img\" src=\"https:\/\/www.meyco.com.tr\/wp-content\/uploads\/2018\/11\/shutterstock_1140681317-1.jpg\" alt=\"\"><\/a><a href=\"https:\/\/www.meyco.com.tr\/wp-content\/uploads\/2018\/11\/shutterstock_154033901.jpg\" data-lightbox=\"lightbox-680cebd1\" class=\"vce-image-masonry-gallery-item\"><img decoding=\"async\" class=\"vce-image-masonry-gallery-img\" src=\"https:\/\/www.meyco.com.tr\/wp-content\/uploads\/2018\/11\/shutterstock_154033901.jpg\" alt=\"\"><\/a><a href=\"https:\/\/www.meyco.com.tr\/wp-content\/uploads\/2022\/04\/6370ce02-33a9-48a0-ac2b-fc92d8f41afc.jpg\" data-lightbox=\"lightbox-680cebd1\" class=\"vce-image-masonry-gallery-item\"><img decoding=\"async\" class=\"vce-image-masonry-gallery-img\" src=\"https:\/\/www.meyco.com.tr\/wp-content\/uploads\/2022\/04\/6370ce02-33a9-48a0-ac2b-fc92d8f41afc.jpg\" alt=\"\"><\/a><\/div><\/div><\/div><\/div><\/div><\/div><\/div><\/div><\/div><\/div>\n","protected":false},"excerpt":{"rendered":"<p>\u0130NC\u0130RBursa siyah inciri orta ve b\u00fcy\u00fck ebatlarda bir meyvedir. Ger\u00e7ekten narin ve olgunla\u015ft\u0131k\u00e7a m\u00fckemmel bir aromaya ve bal gibi bir lezzete sahip olan benzersiz bir taze<span class=\"excerpt-hellip\"> [\u2026]<\/span><\/p>\n","protected":false},"author":1,"featured_media":0,"parent":0,"menu_order":0,"comment_status":"closed","ping_status":"closed","template":"","meta":{"_exactmetrics_skip_tracking":false,"_exactmetrics_sitenote_active":false,"_exactmetrics_sitenote_note":"","_exactmetrics_sitenote_category":0,"footnotes":""},"_links":{"self":[{"href":"https:\/\/www.meyco.com.tr\/tr\/wp-json\/wp\/v2\/pages\/159\/"}],"collection":[{"href":"https:\/\/www.meyco.com.tr\/tr\/wp-json\/wp\/v2\/pages\/"}],"about":[{"href":"https:\/\/www.meyco.com.tr\/tr\/wp-json\/wp\/v2\/types\/page\/"}],"author":[{"embeddable":true,"href":"https:\/\/www.meyco.com.tr\/tr\/wp-json\/wp\/v2\/users\/1\/"}],"replies":[{"embeddable":true,"href":"https:\/\/www.meyco.com.tr\/tr\/wp-json\/wp\/v2\/comments\/?post=159"}],"version-history":[{"count":6,"href":"https:\/\/www.meyco.com.tr\/tr\/wp-json\/wp\/v2\/pages\/159\/revisions\/"}],"predecessor-version":[{"id":537,"href":"https:\/\/www.meyco.com.tr\/tr\/wp-json\/wp\/v2\/pages\/159\/revisions\/537\/"}],"wp:attachment":[{"href":"https:\/\/www.meyco.com.tr\/tr\/wp-json\/wp\/v2\/media\/?parent=159"}],"curies":[{"name":"wp","href":"https:\/\/api.w.org\/{rel}","templated":true}]}}