{"id":171,"date":"2018-11-19T17:59:06","date_gmt":"2018-11-19T17:59:06","guid":{"rendered":"https:\/\/www.meyco.com.tr\/?page_id=171"},"modified":"2022-04-01T12:45:06","modified_gmt":"2022-04-01T12:45:06","slug":"armut","status":"publish","type":"page","link":"https:\/\/www.meyco.com.tr\/tr\/armut\/","title":{"rendered":"Armut"},"content":{"rendered":"<div class=\"vce-row-container\"><div class=\"vce-row vce-element--has-background vce-row--col-gap-30 vce-row-columns--top vce-row-content--middle\" data-vce-full-width=\"true\" id=\"el-be174951\" data-vce-do-apply=\"all el-be174951\"><div class=\"vce-content-background-container\"><div class=\"vce-asset-background-simple-container vce-visible-all-only vce-asset-background-simple--style-cover vce-asset-background-simple--position-center-top\"><div class=\"vce-asset-background-simple\"><div class=\"vce-asset-background-simple-item\" style=\"background-image: url('https:\/\/www.meyco.com.tr\/wp-content\/uploads\/2018\/11\/armut-bg.jpg');\"><\/div><\/div><\/div><\/div><div class=\"vce-row-content\" data-vce-element-content=\"true\" style=\"padding-left: 100.094px; padding-right: 100.094px;\"><div class=\"vce-col vce-col--md-100p vce-col--xs-1 vce-col--xs-last vce-col--xs-first vce-col--sm-last vce-col--sm-first vce-col--md-last vce-col--lg-last vce-col--xl-last vce-col--md-first vce-col--lg-first vce-col--xl-first\" id=\"el-29abe6c9\"><div class=\"vce-col-inner\" data-vce-do-apply=\"border margin background  el-29abe6c9\"><div class=\"vce-col-content\" data-vce-element-content=\"true\" data-vce-do-apply=\"padding el-29abe6c9\"><div class=\"vce-google-fonts-heading vce-google-fonts-heading--align-left vce-google-fonts-heading--color-b-255-255-255--45--5C00FF--FF7200 vce-google-fonts-heading--font-family-Nunito\"><div class=\"vce-google-fonts-heading-wrapper\"><div class=\"vce-google-fonts-heading--background vce\" id=\"el-337411f3\" data-vce-do-apply=\"border background  padding margin el-337411f3\"><h1 class=\"vce-google-fonts-heading-inner\" style=\"font-weight: 800;\">ARMUT<\/h1><\/div><\/div><\/div><\/div><\/div><\/div><\/div><\/div><\/div><div class=\"vce-row-container\"><div class=\"vce-row vce-element--has-background vce-row--col-gap-30 vce-row-equal-height vce-row-columns--top vce-row-content--middle\" data-vce-full-width=\"true\" id=\"el-195aa034\" data-vce-do-apply=\"all el-195aa034\"><div class=\"vce-content-background-container\"><\/div><div class=\"vce-row-content\" data-vce-element-content=\"true\" style=\"padding-left: 100.094px; padding-right: 100.094px;\"><div class=\"vce-col vce-col--md-50p vce-col--xs-1 vce-col--xs-last vce-col--xs-first vce-col--sm-last vce-col--sm-first vce-col--md-first vce-col--lg-first vce-col--xl-first\" id=\"el-95c3e5f5\"><div class=\"vce-col-inner\" data-vce-do-apply=\"border margin background  el-95c3e5f5\"><div class=\"vce-col-content\" data-vce-element-content=\"true\" data-vce-do-apply=\"padding el-95c3e5f5\"><div class=\"vce-single-image-container vce-single-image--align-center\"><div class=\"vce vce-single-image-wrapper\" id=\"el-06b402b8\" data-vce-do-apply=\"all el-06b402b8\"><figure><div class=\"vce-single-image-inner vce-single-image--absolute\" style=\"padding-bottom: 100%; width: 800px;\"><img class=\"vce-single-image\" width=\"800\" height=\"800\"src=\"https:\/\/www.meyco.com.tr\/wp-content\/uploads\/2022\/04\/armut-photo-1-800x800.jpg\" srcset=\"https:\/\/www.meyco.com.tr\/wp-content\/uploads\/2022\/04\/armut-photo-1-320x320.jpg 320w,https:\/\/www.meyco.com.tr\/wp-content\/uploads\/2022\/04\/armut-photo-1-480x480.jpg 480w,https:\/\/www.meyco.com.tr\/wp-content\/uploads\/2022\/04\/armut-photo-1-800x800.jpg 800w,https:\/\/www.meyco.com.tr\/wp-content\/uploads\/2022\/04\/armut-photo-1-800x800.jpg 800w\" data-img-src=\"https:\/\/www.meyco.com.tr\/wp-content\/uploads\/2018\/11\/armut-photo-1.jpg\" alt=\"\" title=\"armut-photo\"\/><\/div><\/figure><\/div><\/div><\/div><\/div><\/div><div class=\"vce-col vce-col--md-50p vce-col--xs-1 vce-col--xs-last vce-col--xs-first vce-col--sm-last vce-col--sm-first vce-col--md-last vce-col--lg-last vce-col--xl-last\" id=\"el-6460b9b7\"><div class=\"vce-col-inner\" data-vce-do-apply=\"border margin background  el-6460b9b7\"><div class=\"vce-col-content\" data-vce-element-content=\"true\" data-vce-do-apply=\"padding el-6460b9b7\"><div class=\"vce-text-block\"><div class=\"vce-text-block-wrapper vce\" id=\"el-8381417e\" data-vce-do-apply=\"all el-8381417e\"><p><span class=\"s2\">T\u00fcrkiye ve armut \u00fcretimi, her ikisi de armut ihracat\u0131nda d\u00fcnya s\u0131ralamas\u0131nda ilk on \u00fclke aras\u0131nda yer al\u0131yor. T\u00fcrkiyede \u00e7ok \u00e7e\u015fitli armut \u00e7e\u015fitlerinin yan\u0131 s\u0131ra yabanc\u0131 armut \u00e7e\u015fitleri de geni\u015f bir co\u011frafyada yeti\u015ftirilmektedir. T\u00fcrkiye, armut \u00fcretiminin 2017 y\u0131l\u0131nda 503 004 ton, 188 754 tonu ise Bursa'n\u0131n toplam \u00fcretimin% 38'ini olu\u015fturuyor. \u00dclkemizde yeti\u015fen pek \u00e7ok \u00e7e\u015fit armut \u00e7e\u015fidi aras\u0131nda, yaz aylar\u0131nda \u00fcretilen Santa Maria, Ak\u00e7a, Williams, Mustafa Bey \u00e7e\u015fitleri ve k\u0131\u015f aylar\u0131nda \u00fcretilen Deveci, Ankara Beurree Clairgeau ve Beurreed Anjon \u00e7e\u015fitleri ihra\u00e7 edilmektedir. Bursa'n\u0131n en \u00e7ok ihra\u00e7 edilen \u00e7e\u015fitleri Santa Maria ve Deveci armut \u00e7e\u015fitleridir.<\/span><\/p><p><span class=\"s2\">Meyco, Bursa y\u00f6resindeki k\u00f6ylerde Deveci ve Santa Maria armut \u00e7e\u015fitleri i\u00e7in kendi meyve bah\u00e7elerine sahiptir. Ayr\u0131ca Meyco, \u00f6zenle se\u00e7ilmi\u015f yerel ortak \u00e7ift\u00e7ilerle i\u015fbirli\u011fi yaparak, ba\u015flang\u0131\u00e7 a\u015famas\u0131ndan hasat, depolama, paketleme ve nakliye i\u015flemlerine kadar t\u00fcm s\u00fcreci y\u00f6netmektedir.<\/span><\/p><\/div><\/div><\/div><\/div><\/div><\/div><\/div><\/div><div class=\"vce-row-container\"><div class=\"vce-row vce-element--has-background vce-row--col-gap-30 vce-row-columns--top vce-row-content--top\" data-vce-full-width=\"true\" id=\"el-f2202616\" data-vce-do-apply=\"all el-f2202616\"><div class=\"vce-content-background-container\"><\/div><div class=\"vce-row-content\" data-vce-element-content=\"true\" style=\"padding-left: 100.094px; padding-right: 100.094px;\"><div class=\"vce-col vce-col--md-100p vce-col--xs-1 vce-col--xs-last vce-col--xs-first vce-col--sm-last vce-col--sm-first vce-col--md-last vce-col--lg-last vce-col--xl-last vce-col--md-first vce-col--lg-first vce-col--xl-first\" id=\"el-afc8ae71\"><div class=\"vce-col-inner\" data-vce-do-apply=\"border margin background  el-afc8ae71\"><div class=\"vce-col-content\" data-vce-element-content=\"true\" data-vce-do-apply=\"padding el-afc8ae71\"><div class=\"vce-image-masonry-gallery\"><div class=\"vce-image-masonry-gallery-wrapper vce vce-image-masonry-gallery--gap-10 vce-image-masonry-gallery--columns-2\" id=\"el-680cebd1\" data-vce-do-apply=\"all el-680cebd1\"><div class=\"vce-image-masonry-gallery-list\"><div class=\"vce-image-masonry-gallery-column\"><a href=\"https:\/\/www.meyco.com.tr\/wp-content\/uploads\/2018\/11\/shutterstock_471730955-1.jpg\" data-lightbox=\"lightbox-680cebd1\" class=\"vce-image-masonry-gallery-item\"><img decoding=\"async\" class=\"vce-image-masonry-gallery-img\" src=\"https:\/\/www.meyco.com.tr\/wp-content\/uploads\/2018\/11\/shutterstock_471730955-1.jpg\" alt=\"\"><\/a><a href=\"https:\/\/www.meyco.com.tr\/wp-content\/uploads\/2018\/11\/00111c03-3da2-4cab-b856-d0e9eedfb217-1.jpg\" data-lightbox=\"lightbox-680cebd1\" class=\"vce-image-masonry-gallery-item\"><img decoding=\"async\" class=\"vce-image-masonry-gallery-img\" src=\"https:\/\/www.meyco.com.tr\/wp-content\/uploads\/2018\/11\/00111c03-3da2-4cab-b856-d0e9eedfb217-1.jpg\" alt=\"\"><\/a><a href=\"https:\/\/www.meyco.com.tr\/wp-content\/uploads\/2022\/04\/IMG_0900-scaled.jpg\" data-lightbox=\"lightbox-680cebd1\" class=\"vce-image-masonry-gallery-item\"><img decoding=\"async\" class=\"vce-image-masonry-gallery-img\" src=\"https:\/\/www.meyco.com.tr\/wp-content\/uploads\/2022\/04\/IMG_0900-scaled.jpg\" alt=\"\"><\/a><\/div><div class=\"vce-image-masonry-gallery-column\"><a href=\"https:\/\/www.meyco.com.tr\/wp-content\/uploads\/2018\/11\/santa-maria1-1.jpg\" data-lightbox=\"lightbox-680cebd1\" class=\"vce-image-masonry-gallery-item\"><img decoding=\"async\" class=\"vce-image-masonry-gallery-img\" src=\"https:\/\/www.meyco.com.tr\/wp-content\/uploads\/2018\/11\/santa-maria1-1.jpg\" alt=\"\"><\/a><a href=\"https:\/\/www.meyco.com.tr\/wp-content\/uploads\/2022\/04\/IMG_0892-scaled.jpg\" data-lightbox=\"lightbox-680cebd1\" class=\"vce-image-masonry-gallery-item\"><img decoding=\"async\" class=\"vce-image-masonry-gallery-img\" src=\"https:\/\/www.meyco.com.tr\/wp-content\/uploads\/2022\/04\/IMG_0892-scaled.jpg\" alt=\"\"><\/a><\/div><\/div><\/div><\/div><\/div><\/div><\/div><\/div><\/div><\/div>\n","protected":false},"excerpt":{"rendered":"<p>ARMUTT\u00fcrkiye ve armut \u00fcretimi, her ikisi de armut ihracat\u0131nda d\u00fcnya s\u0131ralamas\u0131nda ilk on \u00fclke aras\u0131nda yer al\u0131yor. T\u00fcrkiyede \u00e7ok \u00e7e\u015fitli armut \u00e7e\u015fitlerinin yan\u0131 s\u0131ra yabanc\u0131 armut<span class=\"excerpt-hellip\"> [\u2026]<\/span><\/p>\n","protected":false},"author":1,"featured_media":0,"parent":0,"menu_order":0,"comment_status":"closed","ping_status":"closed","template":"","meta":{"_exactmetrics_skip_tracking":false,"_exactmetrics_sitenote_active":false,"_exactmetrics_sitenote_note":"","_exactmetrics_sitenote_category":0,"footnotes":""},"_links":{"self":[{"href":"https:\/\/www.meyco.com.tr\/tr\/wp-json\/wp\/v2\/pages\/171\/"}],"collection":[{"href":"https:\/\/www.meyco.com.tr\/tr\/wp-json\/wp\/v2\/pages\/"}],"about":[{"href":"https:\/\/www.meyco.com.tr\/tr\/wp-json\/wp\/v2\/types\/page\/"}],"author":[{"embeddable":true,"href":"https:\/\/www.meyco.com.tr\/tr\/wp-json\/wp\/v2\/users\/1\/"}],"replies":[{"embeddable":true,"href":"https:\/\/www.meyco.com.tr\/tr\/wp-json\/wp\/v2\/comments\/?post=171"}],"version-history":[{"count":6,"href":"https:\/\/www.meyco.com.tr\/tr\/wp-json\/wp\/v2\/pages\/171\/revisions\/"}],"predecessor-version":[{"id":542,"href":"https:\/\/www.meyco.com.tr\/tr\/wp-json\/wp\/v2\/pages\/171\/revisions\/542\/"}],"wp:attachment":[{"href":"https:\/\/www.meyco.com.tr\/tr\/wp-json\/wp\/v2\/media\/?parent=171"}],"curies":[{"name":"wp","href":"https:\/\/api.w.org\/{rel}","templated":true}]}}