{"id":194,"date":"2018-11-19T19:08:17","date_gmt":"2018-11-19T19:08:17","guid":{"rendered":"https:\/\/www.meyco.com.tr\/?page_id=194"},"modified":"2022-04-01T12:54:54","modified_gmt":"2022-04-01T12:54:54","slug":"seftali","status":"publish","type":"page","link":"https:\/\/www.meyco.com.tr\/tr\/seftali\/","title":{"rendered":"\u015eeftali"},"content":{"rendered":"<div class=\"vce-row-container\"><div class=\"vce-row vce-element--has-background vce-row--col-gap-30 vce-row-columns--top vce-row-content--middle\" data-vce-full-width=\"true\" id=\"el-be174951\" data-vce-do-apply=\"all el-be174951\"><div class=\"vce-content-background-container\"><div class=\"vce-asset-background-simple-container vce-visible-all-only vce-asset-background-simple--style-cover vce-asset-background-simple--position-center-top\"><div class=\"vce-asset-background-simple\"><div class=\"vce-asset-background-simple-item\" style=\"background-image: url('https:\/\/www.meyco.com.tr\/wp-content\/uploads\/2018\/11\/seftali-bg.jpg');\"><\/div><\/div><\/div><\/div><div class=\"vce-row-content\" data-vce-element-content=\"true\" style=\"padding-left: 100.094px; padding-right: 100.094px;\"><div class=\"vce-col vce-col--md-100p vce-col--xs-1 vce-col--xs-last vce-col--xs-first vce-col--sm-last vce-col--sm-first vce-col--md-last vce-col--lg-last vce-col--xl-last vce-col--md-first vce-col--lg-first vce-col--xl-first\" id=\"el-29abe6c9\"><div class=\"vce-col-inner\" data-vce-do-apply=\"border margin background  el-29abe6c9\"><div class=\"vce-col-content\" data-vce-element-content=\"true\" data-vce-do-apply=\"padding el-29abe6c9\"><div class=\"vce-google-fonts-heading vce-google-fonts-heading--align-left vce-google-fonts-heading--color-b-255-255-255--45--5C00FF--FF7200 vce-google-fonts-heading--font-family-Nunito\"><div class=\"vce-google-fonts-heading-wrapper\"><div class=\"vce-google-fonts-heading--background vce\" id=\"el-337411f3\" data-vce-do-apply=\"border background  padding margin el-337411f3\"><h1 class=\"vce-google-fonts-heading-inner\" style=\"font-weight: 800;\">\u015eEFTAL\u0130<\/h1><\/div><\/div><\/div><\/div><\/div><\/div><\/div><\/div><\/div><div class=\"vce-row-container\"><div class=\"vce-row vce-element--has-background vce-row--col-gap-30 vce-row-equal-height vce-row-columns--top vce-row-content--middle\" data-vce-full-width=\"true\" id=\"el-3e0c27bd\" data-vce-do-apply=\"all el-3e0c27bd\"><div class=\"vce-content-background-container\"><\/div><div class=\"vce-row-content\" data-vce-element-content=\"true\" style=\"padding-left: 100.094px; padding-right: 100.094px;\"><div class=\"vce-col vce-col--md-50p vce-col--xs-1 vce-col--xs-last vce-col--xs-first vce-col--sm-last vce-col--sm-first vce-col--md-first vce-col--lg-first vce-col--xl-first\" id=\"el-79451e06\"><div class=\"vce-col-inner\" data-vce-do-apply=\"border margin background  el-79451e06\"><div class=\"vce-col-content\" data-vce-element-content=\"true\" data-vce-do-apply=\"padding el-79451e06\"><div class=\"vce-single-image-container vce-single-image--align-center\"><div class=\"vce vce-single-image-wrapper\" id=\"el-0b494c00\" data-vce-do-apply=\"all el-0b494c00\"><figure><div class=\"vce-single-image-inner vce-single-image--absolute\" style=\"padding-bottom: 100%; width: 800px;\"><img class=\"vce-single-image\" width=\"800\" height=\"800\"src=\"https:\/\/www.meyco.com.tr\/wp-content\/uploads\/2022\/04\/seftali-photo-800x800.jpg\" srcset=\"https:\/\/www.meyco.com.tr\/wp-content\/uploads\/2022\/04\/seftali-photo-320x320.jpg 320w,https:\/\/www.meyco.com.tr\/wp-content\/uploads\/2022\/04\/seftali-photo-480x480.jpg 480w,https:\/\/www.meyco.com.tr\/wp-content\/uploads\/2022\/04\/seftali-photo-800x800.jpg 800w,https:\/\/www.meyco.com.tr\/wp-content\/uploads\/2022\/04\/seftali-photo-800x800.jpg 800w\" data-img-src=\"https:\/\/www.meyco.com.tr\/wp-content\/uploads\/2018\/11\/seftali-photo.jpg\" alt=\"\" title=\"seftali-photo\"\/><\/div><\/figure><\/div><\/div><\/div><\/div><\/div><div class=\"vce-col vce-col--md-50p vce-col--xs-1 vce-col--xs-last vce-col--xs-first vce-col--sm-last vce-col--sm-first vce-col--md-last vce-col--lg-last vce-col--xl-last\" id=\"el-e0ef0100\"><div class=\"vce-col-inner\" data-vce-do-apply=\"border margin background  el-e0ef0100\"><div class=\"vce-col-content\" data-vce-element-content=\"true\" data-vce-do-apply=\"padding el-e0ef0100\"><div class=\"vce-text-block\"><div class=\"vce-text-block-wrapper vce\" id=\"el-3595d194\" data-vce-do-apply=\"all el-3595d194\"><p><span class=\"s2\">Bursa b\u00f6lgesi, lezzetli \u015feftalileriyle \u00fcnl\u00fcd\u00fcr. Bursa'da yeti\u015ftirilen lezzetli \u015feftaliler, T\u00fcrkiye\u2019de en \u00e7ok tercih edilen yaz meyveleridir. \u015eeftali, uzun \u00f6m\u00fcrl\u00fc ve \u00f6l\u00fcms\u00fczl\u00fc\u011f\u00fcn sembol\u00fc olarak kabul edilir. \u015eeftali a\u011fa\u00e7lar\u0131 yakla\u015f\u0131k 30 y\u0131l ya\u015far, ancak Bursa'da 15-20 y\u0131l sonra a\u011fa\u00e7lar\u0131n k\u00f6kleri s\u00f6k\u00fcl\u00fcr. \u00c7ok sulu bir meyvedir ve kadifemsi bir cilde sahiptir. Kolayca \u00e7\u0131kar\u0131labilir \u00e7ukurlara sahip \u015feftalilere \u201cyarma\u201d denir. Yarma \u015feftali \u00e7o\u011funlukla taze meyve olarak t\u00fcketilir. Konserve g\u0131da yap\u0131m\u0131nda \u201cetli\u201d \u015feftali kullan\u0131l\u0131r. T\u00fcrkiye'de, beyaz<span class=\"Apple-converted-space\">&nbsp; <\/span>ve sar\u0131 etli olarak bilinen iki \u00e7e\u015fit var. T\u00fcrkiye \u015eeftali \u00fcretiminde d\u00fcnya alt\u0131nc\u0131s\u0131d\u0131r.<\/span><\/p><p><span class=\"s2\">Meyco'nun Bursa b\u00f6lgesinde kendi meyve bah\u00e7elerinin yan\u0131 s\u0131ra anla\u015fmal\u0131 bah\u00e7eleri vard\u0131r. Yeti\u015ftirilen ve ihra\u00e7 edilen en pop\u00fcler Bursa \u015feftalileri, erkenden ge\u00e7 hasat s\u0131ras\u0131na g\u00f6re, GLO Heaven, Cresthaven, Elegant Lady, O\u2019Henry ve Extreme \u00e7e\u015fitleridir.<\/span><\/p><\/div><\/div><\/div><\/div><\/div><\/div><\/div><\/div><div class=\"vce-row-container\"><div class=\"vce-row vce-element--has-background vce-row--col-gap-30 vce-row-columns--top vce-row-content--top\" data-vce-full-width=\"true\" id=\"el-f2202616\" data-vce-do-apply=\"all el-f2202616\"><div class=\"vce-content-background-container\"><\/div><div class=\"vce-row-content\" data-vce-element-content=\"true\" style=\"padding-left: 100.094px; padding-right: 100.094px;\"><div class=\"vce-col vce-col--md-100p vce-col--xs-1 vce-col--xs-last vce-col--xs-first vce-col--sm-last vce-col--sm-first vce-col--md-last vce-col--lg-last vce-col--xl-last vce-col--md-first vce-col--lg-first vce-col--xl-first\" id=\"el-afc8ae71\"><div class=\"vce-col-inner\" data-vce-do-apply=\"border margin background  el-afc8ae71\"><div class=\"vce-col-content\" data-vce-element-content=\"true\" data-vce-do-apply=\"padding el-afc8ae71\"><div class=\"vce-image-masonry-gallery\"><div class=\"vce-image-masonry-gallery-wrapper vce vce-image-masonry-gallery--gap-10 vce-image-masonry-gallery--columns-2\" id=\"el-680cebd1\" data-vce-do-apply=\"all el-680cebd1\"><div class=\"vce-image-masonry-gallery-list\"><div class=\"vce-image-masonry-gallery-column\"><a href=\"https:\/\/www.meyco.com.tr\/wp-content\/uploads\/2018\/11\/shutterstock_1150415606.jpg\" data-lightbox=\"lightbox-680cebd1\" class=\"vce-image-masonry-gallery-item\"><img decoding=\"async\" class=\"vce-image-masonry-gallery-img\" src=\"https:\/\/www.meyco.com.tr\/wp-content\/uploads\/2018\/11\/shutterstock_1150415606.jpg\" alt=\"\"><\/a><\/div><div class=\"vce-image-masonry-gallery-column\"><a href=\"https:\/\/www.meyco.com.tr\/wp-content\/uploads\/2018\/11\/shutterstock_155270846.jpg\" data-lightbox=\"lightbox-680cebd1\" class=\"vce-image-masonry-gallery-item\"><img decoding=\"async\" class=\"vce-image-masonry-gallery-img\" src=\"https:\/\/www.meyco.com.tr\/wp-content\/uploads\/2018\/11\/shutterstock_155270846.jpg\" alt=\"\"><\/a><a href=\"https:\/\/www.meyco.com.tr\/wp-content\/uploads\/2018\/11\/shutterstock_104805521.jpg\" data-lightbox=\"lightbox-680cebd1\" class=\"vce-image-masonry-gallery-item\"><img decoding=\"async\" class=\"vce-image-masonry-gallery-img\" src=\"https:\/\/www.meyco.com.tr\/wp-content\/uploads\/2018\/11\/shutterstock_104805521.jpg\" alt=\"\"><\/a><\/div><\/div><\/div><\/div><\/div><\/div><\/div><\/div><\/div><\/div>\n","protected":false},"excerpt":{"rendered":"<p>\u015eEFTAL\u0130Bursa b\u00f6lgesi, lezzetli \u015feftalileriyle \u00fcnl\u00fcd\u00fcr. Bursa&#8217;da yeti\u015ftirilen lezzetli \u015feftaliler, T\u00fcrkiye\u2019de en \u00e7ok tercih edilen yaz meyveleridir. \u015eeftali, uzun \u00f6m\u00fcrl\u00fc ve \u00f6l\u00fcms\u00fczl\u00fc\u011f\u00fcn sembol\u00fc olarak kabul edilir. \u015eeftali<span class=\"excerpt-hellip\"> [\u2026]<\/span><\/p>\n","protected":false},"author":1,"featured_media":0,"parent":0,"menu_order":0,"comment_status":"closed","ping_status":"closed","template":"","meta":{"_exactmetrics_skip_tracking":false,"_exactmetrics_sitenote_active":false,"_exactmetrics_sitenote_note":"","_exactmetrics_sitenote_category":0,"footnotes":""},"_links":{"self":[{"href":"https:\/\/www.meyco.com.tr\/tr\/wp-json\/wp\/v2\/pages\/194\/"}],"collection":[{"href":"https:\/\/www.meyco.com.tr\/tr\/wp-json\/wp\/v2\/pages\/"}],"about":[{"href":"https:\/\/www.meyco.com.tr\/tr\/wp-json\/wp\/v2\/types\/page\/"}],"author":[{"embeddable":true,"href":"https:\/\/www.meyco.com.tr\/tr\/wp-json\/wp\/v2\/users\/1\/"}],"replies":[{"embeddable":true,"href":"https:\/\/www.meyco.com.tr\/tr\/wp-json\/wp\/v2\/comments\/?post=194"}],"version-history":[{"count":5,"href":"https:\/\/www.meyco.com.tr\/tr\/wp-json\/wp\/v2\/pages\/194\/revisions\/"}],"predecessor-version":[{"id":560,"href":"https:\/\/www.meyco.com.tr\/tr\/wp-json\/wp\/v2\/pages\/194\/revisions\/560\/"}],"wp:attachment":[{"href":"https:\/\/www.meyco.com.tr\/tr\/wp-json\/wp\/v2\/media\/?parent=194"}],"curies":[{"name":"wp","href":"https:\/\/api.w.org\/{rel}","templated":true}]}}