{"id":205,"date":"2018-11-19T19:34:17","date_gmt":"2018-11-19T19:34:17","guid":{"rendered":"https:\/\/www.meyco.com.tr\/?page_id=205"},"modified":"2022-04-01T12:50:59","modified_gmt":"2022-04-01T12:50:59","slug":"nektarin","status":"publish","type":"page","link":"https:\/\/www.meyco.com.tr\/tr\/nektarin\/","title":{"rendered":"Nektarin"},"content":{"rendered":"<div class=\"vce-row-container\"><div class=\"vce-row vce-element--has-background vce-row--col-gap-30 vce-row-columns--top vce-row-content--middle\" data-vce-full-width=\"true\" id=\"el-be174951\" data-vce-do-apply=\"all el-be174951\"><div class=\"vce-content-background-container\"><div class=\"vce-asset-background-simple-container vce-visible-all-only vce-asset-background-simple--style-cover vce-asset-background-simple--position-center-top\"><div class=\"vce-asset-background-simple\"><div class=\"vce-asset-background-simple-item\" style=\"background-image: url('https:\/\/www.meyco.com.tr\/wp-content\/uploads\/2018\/11\/nektarin-bg.jpg');\"><\/div><\/div><\/div><\/div><div class=\"vce-row-content\" data-vce-element-content=\"true\" style=\"padding-left: 100.094px; padding-right: 100.094px;\"><div class=\"vce-col vce-col--md-100p vce-col--xs-1 vce-col--xs-last vce-col--xs-first vce-col--sm-last vce-col--sm-first vce-col--md-last vce-col--lg-last vce-col--xl-last vce-col--md-first vce-col--lg-first vce-col--xl-first\" id=\"el-29abe6c9\"><div class=\"vce-col-inner\" data-vce-do-apply=\"border margin background  el-29abe6c9\"><div class=\"vce-col-content\" data-vce-element-content=\"true\" data-vce-do-apply=\"padding el-29abe6c9\"><div class=\"vce-google-fonts-heading vce-google-fonts-heading--align-left vce-google-fonts-heading--color-b-255-255-255--45--5C00FF--FF7200 vce-google-fonts-heading--font-family-Nunito\"><div class=\"vce-google-fonts-heading-wrapper\"><div class=\"vce-google-fonts-heading--background vce\" id=\"el-337411f3\" data-vce-do-apply=\"border background  padding margin el-337411f3\"><h1 class=\"vce-google-fonts-heading-inner\" style=\"font-weight: 800;\">NEKTAR\u0130N<\/h1><\/div><\/div><\/div><\/div><\/div><\/div><\/div><\/div><\/div><div class=\"vce-row-container\"><div class=\"vce-row vce-element--has-background vce-row--col-gap-30 vce-row-equal-height vce-row-columns--top vce-row-content--middle\" data-vce-full-width=\"true\" id=\"el-58ea9269\" data-vce-do-apply=\"all el-58ea9269\"><div class=\"vce-content-background-container\"><\/div><div class=\"vce-row-content\" data-vce-element-content=\"true\" style=\"padding-left: 100.094px; padding-right: 100.094px;\"><div class=\"vce-col vce-col--md-50p vce-col--xs-1 vce-col--xs-last vce-col--xs-first vce-col--sm-last vce-col--sm-first vce-col--md-first vce-col--lg-first vce-col--xl-first\" id=\"el-7236e594\"><div class=\"vce-col-inner\" data-vce-do-apply=\"border margin background  el-7236e594\"><div class=\"vce-col-content\" data-vce-element-content=\"true\" data-vce-do-apply=\"padding el-7236e594\"><div class=\"vce-single-image-container vce-single-image--align-center\"><div class=\"vce vce-single-image-wrapper\" id=\"el-8543a919\" data-vce-do-apply=\"all el-8543a919\"><figure><div class=\"vce-single-image-inner vce-single-image--absolute\" style=\"padding-bottom: 100%; width: 800px;\"><img class=\"vce-single-image\" width=\"800\" height=\"800\"src=\"https:\/\/www.meyco.com.tr\/wp-content\/uploads\/2022\/04\/nektarin-photo-800x800.jpg\" srcset=\"https:\/\/www.meyco.com.tr\/wp-content\/uploads\/2022\/04\/nektarin-photo-320x320.jpg 320w,https:\/\/www.meyco.com.tr\/wp-content\/uploads\/2022\/04\/nektarin-photo-480x480.jpg 480w,https:\/\/www.meyco.com.tr\/wp-content\/uploads\/2022\/04\/nektarin-photo-800x800.jpg 800w,https:\/\/www.meyco.com.tr\/wp-content\/uploads\/2022\/04\/nektarin-photo-800x800.jpg 800w\" data-img-src=\"https:\/\/www.meyco.com.tr\/wp-content\/uploads\/2018\/11\/nektarin-photo.jpg\" alt=\"\" title=\"nektarin-photo\"\/><\/div><\/figure><\/div><\/div><\/div><\/div><\/div><div class=\"vce-col vce-col--md-50p vce-col--xs-1 vce-col--xs-last vce-col--xs-first vce-col--sm-last vce-col--sm-first vce-col--md-last vce-col--lg-last vce-col--xl-last\" id=\"el-479165d6\"><div class=\"vce-col-inner\" data-vce-do-apply=\"border margin background  el-479165d6\"><div class=\"vce-col-content\" data-vce-element-content=\"true\" data-vce-do-apply=\"padding el-479165d6\"><div class=\"vce-text-block\"><div class=\"vce-text-block-wrapper vce\" id=\"el-7b83b96d\" data-vce-do-apply=\"all el-7b83b96d\"><p><span class=\"s2\">Bursa b\u00f6lgesi, lezzetli \u015feftalileriyle \u00fcnl\u00fcd\u00fcr. Nektarin \u00fcretimi son birka\u00e7 ony\u0131l \u00f6nce ba\u015flam\u0131\u015ft\u0131r ve gittik\u00e7e pop\u00fclerle\u015fmekte, a\u011fa\u00e7 say\u0131s\u0131 y\u0131ll\u0131k bazda artmaktad\u0131r. Nektarinler, daha az kadifemsi kabu\u011fu ve farkl\u0131 aromas\u0131 sebepyle gittik\u00e7e artan miktarlarda tercih edilmektedir. Bursa ve \u00e7evresindeki k\u00f6ylerde farkl\u0131 nektarin \u00e7e\u015fitleri yeti\u015ftirilmektedir. Nektarin ve \u015feftali \u00e7e\u015fitleriyle birlikte T\u00fcrkiye, D\u00fcnya'n\u0131n alt\u0131nc\u0131 en b\u00fcy\u00fck \u00fcreticisidir.<\/span><\/p><p><span class=\"s2\">Meyco'nun Bursa b\u00f6lgesinde kendi meyve bah\u00e7elerinin yan\u0131 s\u0131ra anla\u015fmal\u0131 bah\u00e7eleri mevcuttur. Yeti\u015ftirilen ve ihra\u00e7 edilen en pop\u00fcler Bursa \u015feftalileri, erkenden ge\u00e7 hasat s\u0131ras\u0131na g\u00f6re, Caldesi 2000, Big Top, Ven\u00fcs.<\/span><\/p><\/div><\/div><\/div><\/div><\/div><\/div><\/div><\/div><div class=\"vce-row-container\"><div class=\"vce-row vce-element--has-background vce-row--col-gap-30 vce-row-columns--top vce-row-content--top\" data-vce-full-width=\"true\" id=\"el-f2202616\" data-vce-do-apply=\"all el-f2202616\"><div class=\"vce-content-background-container\"><\/div><div class=\"vce-row-content\" data-vce-element-content=\"true\" style=\"padding-left: 100.094px; padding-right: 100.094px;\"><div class=\"vce-col vce-col--md-100p vce-col--xs-1 vce-col--xs-last vce-col--xs-first vce-col--sm-last vce-col--sm-first vce-col--md-last vce-col--lg-last vce-col--xl-last vce-col--md-first vce-col--lg-first vce-col--xl-first\" id=\"el-afc8ae71\"><div class=\"vce-col-inner\" data-vce-do-apply=\"border margin background  el-afc8ae71\"><div class=\"vce-col-content\" data-vce-element-content=\"true\" data-vce-do-apply=\"padding el-afc8ae71\"><div class=\"vce-image-masonry-gallery\"><div class=\"vce-image-masonry-gallery-wrapper vce vce-image-masonry-gallery--gap-10 vce-image-masonry-gallery--columns-2\" id=\"el-680cebd1\" data-vce-do-apply=\"all el-680cebd1\"><div class=\"vce-image-masonry-gallery-list\"><div class=\"vce-image-masonry-gallery-column\"><a href=\"https:\/\/www.meyco.com.tr\/wp-content\/uploads\/2018\/11\/shutterstock_286447508.jpg\" data-lightbox=\"lightbox-680cebd1\" class=\"vce-image-masonry-gallery-item\"><img decoding=\"async\" class=\"vce-image-masonry-gallery-img\" src=\"https:\/\/www.meyco.com.tr\/wp-content\/uploads\/2018\/11\/shutterstock_286447508.jpg\" alt=\"\"><\/a><\/div><div class=\"vce-image-masonry-gallery-column\"><a href=\"https:\/\/www.meyco.com.tr\/wp-content\/uploads\/2018\/11\/shutterstock_611974709.jpg\" data-lightbox=\"lightbox-680cebd1\" class=\"vce-image-masonry-gallery-item\"><img decoding=\"async\" class=\"vce-image-masonry-gallery-img\" src=\"https:\/\/www.meyco.com.tr\/wp-content\/uploads\/2018\/11\/shutterstock_611974709.jpg\" alt=\"\"><\/a><\/div><\/div><\/div><\/div><\/div><\/div><\/div><\/div><\/div><\/div>\n","protected":false},"excerpt":{"rendered":"<p>NEKTAR\u0130NBursa b\u00f6lgesi, lezzetli \u015feftalileriyle \u00fcnl\u00fcd\u00fcr. Nektarin \u00fcretimi son birka\u00e7 ony\u0131l \u00f6nce ba\u015flam\u0131\u015ft\u0131r ve gittik\u00e7e pop\u00fclerle\u015fmekte, a\u011fa\u00e7 say\u0131s\u0131 y\u0131ll\u0131k bazda artmaktad\u0131r. Nektarinler, daha az kadifemsi kabu\u011fu ve<span class=\"excerpt-hellip\"> [\u2026]<\/span><\/p>\n","protected":false},"author":1,"featured_media":0,"parent":0,"menu_order":0,"comment_status":"closed","ping_status":"closed","template":"","meta":{"_exactmetrics_skip_tracking":false,"_exactmetrics_sitenote_active":false,"_exactmetrics_sitenote_note":"","_exactmetrics_sitenote_category":0,"footnotes":""},"_links":{"self":[{"href":"https:\/\/www.meyco.com.tr\/tr\/wp-json\/wp\/v2\/pages\/205\/"}],"collection":[{"href":"https:\/\/www.meyco.com.tr\/tr\/wp-json\/wp\/v2\/pages\/"}],"about":[{"href":"https:\/\/www.meyco.com.tr\/tr\/wp-json\/wp\/v2\/types\/page\/"}],"author":[{"embeddable":true,"href":"https:\/\/www.meyco.com.tr\/tr\/wp-json\/wp\/v2\/users\/1\/"}],"replies":[{"embeddable":true,"href":"https:\/\/www.meyco.com.tr\/tr\/wp-json\/wp\/v2\/comments\/?post=205"}],"version-history":[{"count":5,"href":"https:\/\/www.meyco.com.tr\/tr\/wp-json\/wp\/v2\/pages\/205\/revisions\/"}],"predecessor-version":[{"id":554,"href":"https:\/\/www.meyco.com.tr\/tr\/wp-json\/wp\/v2\/pages\/205\/revisions\/554\/"}],"wp:attachment":[{"href":"https:\/\/www.meyco.com.tr\/tr\/wp-json\/wp\/v2\/media\/?parent=205"}],"curies":[{"name":"wp","href":"https:\/\/api.w.org\/{rel}","templated":true}]}}