{"id":238,"date":"2018-11-20T13:14:22","date_gmt":"2018-11-20T13:14:22","guid":{"rendered":"https:\/\/www.meyco.com.tr\/?page_id=238"},"modified":"2018-11-23T13:36:56","modified_gmt":"2018-11-23T13:36:56","slug":"meyve-uretimi","status":"publish","type":"page","link":"https:\/\/www.meyco.com.tr\/tr\/meyve-uretimi\/","title":{"rendered":"Meyve \u00dcretimi"},"content":{"rendered":"<div class=\"vce-row-container\"><div class=\"vce-row vce-element--has-background vce-row--col-gap-30 vce-row-columns--top vce-row-content--middle\" data-vce-full-width=\"true\" id=\"el-be174951\" data-vce-do-apply=\"all el-be174951\"><div class=\"vce-content-background-container\"><div class=\"vce-asset-background-simple-container vce-visible-all-only vce-asset-background-simple--style-cover vce-asset-background-simple--position-center-top\"><div class=\"vce-asset-background-simple\"><div class=\"vce-asset-background-simple-item\" style=\"background-image: url('https:\/\/www.meyco.com.tr\/wp-content\/uploads\/2018\/11\/iletisim-bg.jpg');\"><\/div><\/div><\/div><\/div><div class=\"vce-row-content\" data-vce-element-content=\"true\" style=\"padding-left: 312.594px; padding-right: 312.594px;\"><div class=\"vce-col vce-col--md-100p vce-col--xs-1 vce-col--xs-last vce-col--xs-first vce-col--sm-last vce-col--sm-first vce-col--md-last vce-col--lg-last vce-col--xl-last vce-col--md-first vce-col--lg-first vce-col--xl-first\" id=\"el-29abe6c9\" data-vce-do-apply=\"background border el-29abe6c9\"><div class=\"vce-col-inner\" data-vce-element-content=\"true\" data-vce-do-apply=\"padding margin  el-29abe6c9\"><div class=\"vce-col-content\"><div class=\"vce-google-fonts-heading vce-google-fonts-heading--align-left vce-google-fonts-heading--color-b-255-255-255--45--5C00FF--FF7200\"><div class=\"vce-google-fonts-heading-wrapper\"><div class=\"vce-google-fonts-heading--background vce\" id=\"el-337411f3\" data-vce-do-apply=\"border background  padding margin el-337411f3\"><h1 class=\"vce-google-fonts-heading-inner\" style=\"font-family: Nunito; font-weight: 800;\">MEYVE \u00dcRET\u0130M\u0130<\/h1><\/div><\/div><\/div><\/div><\/div><\/div><\/div><\/div><\/div><div class=\"vce-row-container\"><div class=\"vce-row vce-element--has-background vce-row--col-gap-30 vce-row-equal-height vce-row-columns--top vce-row-content--middle\" data-vce-full-width=\"true\" id=\"el-195aa034\" data-vce-do-apply=\"all el-195aa034\"><div class=\"vce-content-background-container\"><\/div><div class=\"vce-row-content\" data-vce-element-content=\"true\" style=\"padding-left: 312.594px; padding-right: 312.594px;\"><div class=\"vce-col vce-col--md-35-14p vce-col--xs-1 vce-col--xs-last vce-col--xs-first vce-col--sm-last vce-col--sm-first vce-col--md-first vce-col--lg-first vce-col--xl-first\" id=\"el-95c3e5f5\" data-vce-do-apply=\"background border el-95c3e5f5\"><div class=\"vce-col-inner\" data-vce-element-content=\"true\" data-vce-do-apply=\"padding margin  el-95c3e5f5\"><div class=\"vce-col-content\"><div class=\"vce-text-block\"><div class=\"vce-text-block-wrapper vce\" id=\"el-8381417e\" data-vce-do-apply=\"all el-8381417e\"><p><span class=\"s2\">Meyco, her y\u0131l, t\u00fcm bah\u00e7elerde (kendi ve alt s\u00f6zle\u015fmeli) en ba\u015f\u0131ndan kendi hasata kadar, kendi teknik ekibi ile, t\u00fcm&nbsp;<\/span>\u00fcretim s\u00fcrecini y\u00f6netir. Meyve toplama hasat s\u00fcre\u00e7lerinde ise y\u00f6resel istihdam\u0131 destekler.<\/p><\/div><\/div><\/div><\/div><\/div><div class=\"vce-col vce-col--md-64-86p vce-col--xs-1 vce-col--xs-last vce-col--xs-first vce-col--sm-last vce-col--sm-first vce-col--md-last vce-col--lg-last vce-col--xl-last\" id=\"el-6460b9b7\" data-vce-do-apply=\"background border el-6460b9b7\"><div class=\"vce-col-inner\" data-vce-element-content=\"true\" data-vce-do-apply=\"padding margin  el-6460b9b7\"><div class=\"vce-col-content\"><div class=\"vce-single-image-container vce-single-image--align-center\"><div class=\"vce vce-single-image-wrapper\" id=\"el-06b402b8\" data-vce-do-apply=\"all el-06b402b8\"><figure><div class=\"vce-single-image-inner\"><img class=\"vce-single-image\" data-width=\"1000\" data-height=\"665\"src=\"https:\/\/www.meyco.com.tr\/wp-content\/uploads\/2018\/11\/shutterstock_223841854-1000x665.jpg\" data-img-src=\"https:\/\/www.meyco.com.tr\/wp-content\/uploads\/2018\/11\/shutterstock_223841854.jpg\" alt=\"\" title=\"shutterstock_223841854\"\/><\/div><\/figure><\/div><\/div><\/div><\/div><\/div><\/div><\/div><\/div>\n","protected":false},"excerpt":{"rendered":"<p>MEYVE \u00dcRET\u0130M\u0130Meyco, her y\u0131l, t\u00fcm bah\u00e7elerde (kendi ve alt s\u00f6zle\u015fmeli) en ba\u015f\u0131ndan kendi hasata kadar, kendi teknik ekibi ile, t\u00fcm&nbsp;\u00fcretim s\u00fcrecini y\u00f6netir. Meyve toplama hasat s\u00fcre\u00e7lerinde<span class=\"excerpt-hellip\"> [\u2026]<\/span><\/p>\n","protected":false},"author":1,"featured_media":0,"parent":0,"menu_order":0,"comment_status":"closed","ping_status":"closed","template":"","meta":{"_exactmetrics_skip_tracking":false,"_exactmetrics_sitenote_active":false,"_exactmetrics_sitenote_note":"","_exactmetrics_sitenote_category":0,"footnotes":""},"_links":{"self":[{"href":"https:\/\/www.meyco.com.tr\/tr\/wp-json\/wp\/v2\/pages\/238\/"}],"collection":[{"href":"https:\/\/www.meyco.com.tr\/tr\/wp-json\/wp\/v2\/pages\/"}],"about":[{"href":"https:\/\/www.meyco.com.tr\/tr\/wp-json\/wp\/v2\/types\/page\/"}],"author":[{"embeddable":true,"href":"https:\/\/www.meyco.com.tr\/tr\/wp-json\/wp\/v2\/users\/1\/"}],"replies":[{"embeddable":true,"href":"https:\/\/www.meyco.com.tr\/tr\/wp-json\/wp\/v2\/comments\/?post=238"}],"version-history":[{"count":5,"href":"https:\/\/www.meyco.com.tr\/tr\/wp-json\/wp\/v2\/pages\/238\/revisions\/"}],"predecessor-version":[{"id":413,"href":"https:\/\/www.meyco.com.tr\/tr\/wp-json\/wp\/v2\/pages\/238\/revisions\/413\/"}],"wp:attachment":[{"href":"https:\/\/www.meyco.com.tr\/tr\/wp-json\/wp\/v2\/media\/?parent=238"}],"curies":[{"name":"wp","href":"https:\/\/api.w.org\/{rel}","templated":true}]}}