{"id":244,"date":"2018-11-20T13:42:50","date_gmt":"2018-11-20T13:42:50","guid":{"rendered":"https:\/\/www.meyco.com.tr\/?page_id=244"},"modified":"2018-11-23T08:27:47","modified_gmt":"2018-11-23T08:27:47","slug":"paketleme-ve-depolama","status":"publish","type":"page","link":"https:\/\/www.meyco.com.tr\/tr\/paketleme-ve-depolama\/","title":{"rendered":"Paketleme ve Depolama"},"content":{"rendered":"<div class=\"vce-row-container\"><div class=\"vce-row vce-element--has-background vce-row--col-gap-30 vce-row-columns--top vce-row-content--middle\" data-vce-full-width=\"true\" id=\"el-be174951\" data-vce-do-apply=\"all el-be174951\"><div class=\"vce-content-background-container\"><div class=\"vce-asset-background-simple-container vce-visible-all-only vce-asset-background-simple--style-cover vce-asset-background-simple--position-center-top\"><div class=\"vce-asset-background-simple\"><div class=\"vce-asset-background-simple-item\" style=\"background-image: url('https:\/\/www.meyco.com.tr\/wp-content\/uploads\/2018\/11\/iletisim-bg.jpg');\"><\/div><\/div><\/div><\/div><div class=\"vce-row-content\" data-vce-element-content=\"true\" style=\"padding-left: 312.594px; padding-right: 312.594px;\"><div class=\"vce-col vce-col--md-100p vce-col--xs-1 vce-col--xs-last vce-col--xs-first vce-col--sm-last vce-col--sm-first vce-col--md-last vce-col--lg-last vce-col--xl-last vce-col--md-first vce-col--lg-first vce-col--xl-first\" id=\"el-29abe6c9\" data-vce-do-apply=\"background border el-29abe6c9\"><div class=\"vce-col-inner\" data-vce-element-content=\"true\" data-vce-do-apply=\"padding margin  el-29abe6c9\"><div class=\"vce-col-content\"><div class=\"vce-google-fonts-heading vce-google-fonts-heading--align-left vce-google-fonts-heading--color-b-255-255-255--45--5C00FF--FF7200\"><div class=\"vce-google-fonts-heading-wrapper\"><div class=\"vce-google-fonts-heading--background vce\" id=\"el-337411f3\" data-vce-do-apply=\"border background  padding margin el-337411f3\"><h1 class=\"vce-google-fonts-heading-inner\" style=\"font-family: Nunito; font-weight: 800;\">PAKETLEME ve DEPOLAMA<\/h1><\/div><\/div><\/div><\/div><\/div><\/div><\/div><\/div><\/div><div class=\"vce-row-container\"><div class=\"vce-row vce-element--has-background vce-row--col-gap-30 vce-row-equal-height vce-row-columns--top vce-row-content--middle\" data-vce-full-width=\"true\" id=\"el-195aa034\" data-vce-do-apply=\"all el-195aa034\"><div class=\"vce-content-background-container\"><\/div><div class=\"vce-row-content\" data-vce-element-content=\"true\" style=\"padding-left: 312.594px; padding-right: 312.594px;\"><div class=\"vce-col vce-col--md-39-56p vce-col--xs-1 vce-col--xs-last vce-col--xs-first vce-col--sm-last vce-col--sm-first vce-col--md-first vce-col--lg-first vce-col--xl-first\" id=\"el-95c3e5f5\" data-vce-do-apply=\"background border el-95c3e5f5\"><div class=\"vce-col-inner\" data-vce-element-content=\"true\" data-vce-do-apply=\"padding margin  el-95c3e5f5\"><div class=\"vce-col-content\"><div class=\"vce-text-block\"><div class=\"vce-text-block-wrapper vce\" id=\"el-8381417e\" data-vce-do-apply=\"all el-8381417e\"><p><span class=\"s2\">Meyco kendi ay\u0131klama ve paketleme tesislerinde m\u00fc\u015fteri odakl\u0131 olarak \u00e7al\u0131\u015f\u0131l\u0131r ve m\u00fc\u015fteri taleplerini kar\u015f\u0131layabilecek \u015fekilde farkl\u0131 paketleme ve kasalama opsiyonlar\u0131 mevcuttur. Paketleme s\u0131cakl\u0131k kontrol\u00fc yap\u0131lan hijyenik ortamda yap\u0131lmaktad\u0131r.<\/span><\/p><\/div><\/div><\/div><\/div><\/div><div class=\"vce-col vce-col--md-60-44p vce-col--xs-1 vce-col--xs-last vce-col--xs-first vce-col--sm-last vce-col--sm-first vce-col--md-last vce-col--lg-last vce-col--xl-last\" id=\"el-6460b9b7\" data-vce-do-apply=\"background border el-6460b9b7\"><div class=\"vce-col-inner\" data-vce-element-content=\"true\" data-vce-do-apply=\"padding margin  el-6460b9b7\"><div class=\"vce-col-content\"><div class=\"vce-simple-image-slider\"><div class=\"vce-simple-image-slider-wrapper vce\" id=\"el-02081bfa\" data-vce-do-apply=\"all el-02081bfa\"><div class=\"vce-simple-image-slider-helper vce-simple-image-slider-aspect-ratio--5-3\"><div class=\"vce-simple-image-slider-list\" data-slick-autoplay=\"on\" data-slick-autoplay-delay=\"5000\" data-slick-effect=\"slideIn\" data-slick-dots=\"on\" data-slick-arrows=\"on\" data-reactroot=\"\"><div class=\"slick-list\"><div class=\"vce-simple-image-slider-arrow vce-simple-image-slider-arrows-color--b-255-255-255 vce-simple-image-slider-arrows-color-hover--b-255-163-0 vce-simple-image-slider-prev-arrow\"><svg width=\"16px\" height=\"25px\" viewBox=\"0 0 16 25\"><polygon id=\"Prev-Arrow\" points=\"12.3743687 5.68434189e-14 0 12.3743687 12.0208153 24.395184 14.1421356 22.2738636 4.31790889 12.4496369 14.5709572 2.19658855\"><\/polygon><\/svg><\/div><div class=\"slick-track\"><div class=\"vce-simple-image-slider-item vc-slick-item\"><div style=\"background-image:url(https:\/\/www.meyco.com.tr\/wp-content\/uploads\/2018\/11\/shutterstock_1056558860.jpg)\" class=\"vce-simple-image-slider-img vce-simple-image-slider-img--scale vce-simple-image-slider-img--background-position-center-center\"><img decoding=\"async\" class=\"\" src=\"https:\/\/www.meyco.com.tr\/wp-content\/uploads\/2018\/11\/shutterstock_1056558860.jpg\" style=\"display:none\"><\/div><\/div><div class=\"vce-simple-image-slider-item vc-slick-item\"><div style=\"background-image:url(https:\/\/www.meyco.com.tr\/wp-content\/uploads\/2018\/11\/shutterstock_625123496.jpg)\" class=\"vce-simple-image-slider-img vce-simple-image-slider-img--scale vce-simple-image-slider-img--background-position-center-center\"><img decoding=\"async\" class=\"\" src=\"https:\/\/www.meyco.com.tr\/wp-content\/uploads\/2018\/11\/shutterstock_625123496.jpg\" style=\"display:none\"><\/div><\/div><\/div><div class=\"vce-simple-image-slider-arrow vce-simple-image-slider-arrows-color--b-255-255-255 vce-simple-image-slider-arrows-color-hover--b-255-163-0 vce-simple-image-slider-next-arrow\"><svg width=\"16px\" height=\"25px\" viewBox=\"0 0 16 25\"><polygon id=\"Next-Arrow\" points=\"3.02081528 24.395184 15.395184 12.0208153 3.37436867 1.13686838e-13 1.25304833 2.12132034 11.0772751 11.9455471 0.824226734 22.1985954\"><\/polygon><\/svg><\/div><\/div><\/div><div class=\"vce-simple-image-slider-dots vce-simple-image-slider-dots-color--fff vce-simple-image-slider-dots-color-hover--fd9a00\" data-reactroot=\"\"><\/div><\/div><\/div><\/div><\/div><\/div><\/div><\/div><\/div><\/div><div class=\"vce-row-container\"><div class=\"vce-row vce-row--col-gap-30 vce-row-columns--top vce-row-content--top\" id=\"el-dae75e4c\" data-vce-do-apply=\"all el-dae75e4c\"><div class=\"vce-row-content\" data-vce-element-content=\"true\"><div class=\"vce-col vce-col--md-100p vce-col--xs-1 vce-col--xs-last vce-col--xs-first vce-col--sm-last vce-col--sm-first vce-col--md-last vce-col--lg-last vce-col--xl-last vce-col--md-first vce-col--lg-first vce-col--xl-first\" id=\"el-15b1cbc1\" data-vce-do-apply=\"background border el-15b1cbc1\"><div class=\"vce-col-inner\" data-vce-element-content=\"true\" data-vce-do-apply=\"padding margin  el-15b1cbc1\"><\/div><\/div><\/div><\/div><\/div>\n","protected":false},"excerpt":{"rendered":"<p>PAKETLEME ve DEPOLAMAMeyco kendi ay\u0131klama ve paketleme tesislerinde m\u00fc\u015fteri odakl\u0131 olarak \u00e7al\u0131\u015f\u0131l\u0131r ve m\u00fc\u015fteri taleplerini kar\u015f\u0131layabilecek \u015fekilde farkl\u0131 paketleme ve kasalama opsiyonlar\u0131 mevcuttur. Paketleme s\u0131cakl\u0131k kontrol\u00fc<span class=\"excerpt-hellip\"> [\u2026]<\/span><\/p>\n","protected":false},"author":1,"featured_media":0,"parent":0,"menu_order":0,"comment_status":"closed","ping_status":"closed","template":"","meta":{"_exactmetrics_skip_tracking":false,"_exactmetrics_sitenote_active":false,"_exactmetrics_sitenote_note":"","_exactmetrics_sitenote_category":0,"footnotes":""},"_links":{"self":[{"href":"https:\/\/www.meyco.com.tr\/tr\/wp-json\/wp\/v2\/pages\/244\/"}],"collection":[{"href":"https:\/\/www.meyco.com.tr\/tr\/wp-json\/wp\/v2\/pages\/"}],"about":[{"href":"https:\/\/www.meyco.com.tr\/tr\/wp-json\/wp\/v2\/types\/page\/"}],"author":[{"embeddable":true,"href":"https:\/\/www.meyco.com.tr\/tr\/wp-json\/wp\/v2\/users\/1\/"}],"replies":[{"embeddable":true,"href":"https:\/\/www.meyco.com.tr\/tr\/wp-json\/wp\/v2\/comments\/?post=244"}],"version-history":[{"count":5,"href":"https:\/\/www.meyco.com.tr\/tr\/wp-json\/wp\/v2\/pages\/244\/revisions\/"}],"predecessor-version":[{"id":303,"href":"https:\/\/www.meyco.com.tr\/tr\/wp-json\/wp\/v2\/pages\/244\/revisions\/303\/"}],"wp:attachment":[{"href":"https:\/\/www.meyco.com.tr\/tr\/wp-json\/wp\/v2\/media\/?parent=244"}],"curies":[{"name":"wp","href":"https:\/\/api.w.org\/{rel}","templated":true}]}}