{"id":257,"date":"2018-11-20T16:00:29","date_gmt":"2018-11-20T16:00:29","guid":{"rendered":"https:\/\/www.meyco.com.tr\/?page_id=257"},"modified":"2019-06-21T19:14:33","modified_gmt":"2019-06-21T19:14:33","slug":"hakkimizda","status":"publish","type":"page","link":"https:\/\/www.meyco.com.tr\/tr\/hakkimizda\/","title":{"rendered":"Hakk\u0131m\u0131zda"},"content":{"rendered":"<div class=\"vce-row-container\"><div class=\"vce-row vce-element--has-background vce-row--col-gap-30 vce-row-columns--top vce-row-content--middle\" data-vce-full-width=\"true\" id=\"el-be174951\" data-vce-do-apply=\"all el-be174951\"><div class=\"vce-content-background-container\"><div class=\"vce-asset-background-simple-container vce-visible-all-only vce-asset-background-simple--style-cover vce-asset-background-simple--position-center-top\"><div class=\"vce-asset-background-simple\"><div class=\"vce-asset-background-simple-item\" style=\"background-image: url('https:\/\/www.meyco.com.tr\/wp-content\/uploads\/2018\/11\/iletisim-bg.jpg');\"><\/div><\/div><\/div><\/div><div class=\"vce-row-content\" data-vce-element-content=\"true\" style=\"padding-left: 107.59375px; padding-right: 107.59375px;\"><div class=\"vce-col vce-col--md-100p vce-col--xs-1 vce-col--xs-last vce-col--xs-first vce-col--sm-last vce-col--sm-first vce-col--md-last vce-col--lg-last vce-col--xl-last vce-col--md-first vce-col--lg-first vce-col--xl-first\" id=\"el-29abe6c9\" data-vce-do-apply=\"background border el-29abe6c9\"><div class=\"vce-col-inner\" data-vce-element-content=\"true\" data-vce-do-apply=\"padding margin  el-29abe6c9\"><div class=\"vce-col-content\"><div class=\"vce-google-fonts-heading vce-google-fonts-heading--align-left vce-google-fonts-heading--color-b-255-255-255--45--5C00FF--FF7200\"><div class=\"vce-google-fonts-heading-wrapper\"><div class=\"vce-google-fonts-heading--background vce\" id=\"el-337411f3\" data-vce-do-apply=\"border background  padding margin el-337411f3\"><h1 class=\"vce-google-fonts-heading-inner\" style=\"font-family: Nunito; font-weight: 800;\">HAKKIMIZDA<\/h1><\/div><\/div><\/div><\/div><\/div><\/div><\/div><\/div><\/div><div class=\"vce-section\"><div class=\"vce-section-inner vce-section-content--top\" data-vce-full-width=\"true\" id=\"el-ce4b6921\" data-vce-do-apply=\"all el-ce4b6921\"><div class=\"vce-content-background-container\"><\/div><div data-vce-element-content=\"true\" style=\"padding-left: 107.59375px; padding-right: 107.59375px;\"><div class=\"vce-row-container\"><div class=\"vce-row vce-row--col-gap-30 vce-row-equal-height vce-row-columns--top vce-row-content--middle\" data-vce-full-width=\"true\" id=\"el-9f435f33\" data-vce-do-apply=\"all el-9f435f33\"><div class=\"vce-content-background-container\"><\/div><div class=\"vce-row-content\" data-vce-element-content=\"true\" style=\"padding-left: 107.59375px; padding-right: 107.59375px;\"><div class=\"vce-col vce-col--md-33-33p vce-col--xs-1 vce-col--xs-last vce-col--xs-first vce-col--sm-last vce-col--sm-first vce-col--md-first vce-col--lg-first vce-col--xl-first\" id=\"el-b1bdb38a\" data-vce-do-apply=\"background border el-b1bdb38a\"><div class=\"vce-col-inner\" data-vce-element-content=\"true\" data-vce-do-apply=\"padding margin  el-b1bdb38a\"><div class=\"vce-col-content\"><div class=\"vce-text-block\"><div class=\"vce-text-block-wrapper vce\" id=\"el-80a3628c\" data-vce-do-apply=\"all el-80a3628c\"><p>Meyco Tar\u0131m \u0130\u015fletim ve \u00dcretim Tesisleri Bursa\u2019n\u0131n Osmangazi \u0130l\u00e7esi\u2019nde \u00c7ukurcak\u00f6y Mahallesi\u2019nde bulunan tesisimiz, 5000 metrekare&nbsp;alan i\u00e7erisinde konumlanm\u0131\u015ft\u0131r. Paketleme, i\u015fleme ve ay\u0131rma i\u015flemleri burada ger\u00e7ekle\u015ftirilmektedir. Ayr\u0131ca so\u011fuk hava depolar\u0131nda 1.500.00 ton \u00fcr\u00fcn saklama alan\u0131 mevcuttur.<\/p><p>Meyco; \u015feffaf, dinamik, geli\u015fmelere a\u00e7\u0131k, kaliteli \u00fcretim, h\u0131zl\u0131 ve g\u00fcvenilir ihracat, y\u00fcksek m\u00fc\u015fteri memnuniyeti ilkeleriyle \u015firketimizi ve \u00fclkemizi uluslar aras\u0131 piyasada en iyi \u015fekilde temsil etmektedir.<\/p><\/div><\/div><\/div><\/div><\/div><div class=\"vce-col vce-col--md-66-66p vce-col--xs-1 vce-col--xs-last vce-col--xs-first vce-col--sm-last vce-col--sm-first vce-col--md-last vce-col--lg-last vce-col--xl-last\" id=\"el-a174442e\" data-vce-do-apply=\"background border el-a174442e\"><div class=\"vce-col-inner\" data-vce-element-content=\"true\" data-vce-do-apply=\"padding margin  el-a174442e\"><div class=\"vce-col-content\"><div class=\"vce-simple-image-slider\"><div class=\"vce-simple-image-slider-wrapper vce\" id=\"el-7085196b\" data-vce-do-apply=\"all el-7085196b\"><div class=\"vce-simple-image-slider-helper vce-simple-image-slider-aspect-ratio--1-1\"><div class=\"vce-simple-image-slider-list\" data-slick-autoplay=\"on\" data-slick-autoplay-delay=\"5000\" data-slick-effect=\"slideIn\" data-slick-dots=\"on\" data-slick-arrows=\"off\" data-reactroot=\"\"><div class=\"slick-list\"><div class=\"slick-track\"><div class=\"vce-simple-image-slider-item vc-slick-item\"><a href=\"https:\/\/www.meyco.com.tr\/wp-content\/uploads\/2019\/06\/about-us-01.jpg\" data-lightbox=\"lightbox-7085196b\" style=\"background-image:url(https:\/\/www.meyco.com.tr\/wp-content\/uploads\/2019\/06\/about-us-01.jpg)\" class=\"vce-simple-image-slider-img vce-simple-image-slider-img--scale vce-simple-image-slider-img--background-position-center-center\"><img decoding=\"async\" class=\"\" src=\"https:\/\/www.meyco.com.tr\/wp-content\/uploads\/2019\/06\/about-us-01.jpg\" style=\"display:none\" alt=\"\"><\/a><\/div><div class=\"vce-simple-image-slider-item vc-slick-item\"><a href=\"https:\/\/www.meyco.com.tr\/wp-content\/uploads\/2019\/06\/about-us-02.jpg\" data-lightbox=\"lightbox-7085196b\" style=\"background-image:url(https:\/\/www.meyco.com.tr\/wp-content\/uploads\/2019\/06\/about-us-02.jpg)\" class=\"vce-simple-image-slider-img vce-simple-image-slider-img--scale vce-simple-image-slider-img--background-position-center-center\"><img decoding=\"async\" class=\"\" src=\"https:\/\/www.meyco.com.tr\/wp-content\/uploads\/2019\/06\/about-us-02.jpg\" style=\"display:none\" alt=\"\"><\/a><\/div><\/div><\/div><\/div><div class=\"vce-simple-image-slider-dots vce-simple-image-slider-dots-color--b-0-150-57 vce-simple-image-slider-dots-color-hover--fd9a00\" data-reactroot=\"\"><\/div><\/div><\/div><\/div><\/div><\/div><\/div><\/div><\/div><\/div><\/div><\/div><\/div>\n","protected":false},"excerpt":{"rendered":"<p>HAKKIMIZDAMeyco Tar\u0131m \u0130\u015fletim ve \u00dcretim Tesisleri Bursa\u2019n\u0131n Osmangazi \u0130l\u00e7esi\u2019nde \u00c7ukurcak\u00f6y Mahallesi\u2019nde bulunan tesisimiz, 5000 metrekare&nbsp;alan i\u00e7erisinde konumlanm\u0131\u015ft\u0131r. Paketleme, i\u015fleme ve ay\u0131rma i\u015flemleri burada ger\u00e7ekle\u015ftirilmektedir. Ayr\u0131ca so\u011fuk<span class=\"excerpt-hellip\"> [\u2026]<\/span><\/p>\n","protected":false},"author":1,"featured_media":0,"parent":0,"menu_order":0,"comment_status":"closed","ping_status":"closed","template":"","meta":{"_exactmetrics_skip_tracking":false,"_exactmetrics_sitenote_active":false,"_exactmetrics_sitenote_note":"","_exactmetrics_sitenote_category":0,"footnotes":""},"_links":{"self":[{"href":"https:\/\/www.meyco.com.tr\/tr\/wp-json\/wp\/v2\/pages\/257\/"}],"collection":[{"href":"https:\/\/www.meyco.com.tr\/tr\/wp-json\/wp\/v2\/pages\/"}],"about":[{"href":"https:\/\/www.meyco.com.tr\/tr\/wp-json\/wp\/v2\/types\/page\/"}],"author":[{"embeddable":true,"href":"https:\/\/www.meyco.com.tr\/tr\/wp-json\/wp\/v2\/users\/1\/"}],"replies":[{"embeddable":true,"href":"https:\/\/www.meyco.com.tr\/tr\/wp-json\/wp\/v2\/comments\/?post=257"}],"version-history":[{"count":4,"href":"https:\/\/www.meyco.com.tr\/tr\/wp-json\/wp\/v2\/pages\/257\/revisions\/"}],"predecessor-version":[{"id":470,"href":"https:\/\/www.meyco.com.tr\/tr\/wp-json\/wp\/v2\/pages\/257\/revisions\/470\/"}],"wp:attachment":[{"href":"https:\/\/www.meyco.com.tr\/tr\/wp-json\/wp\/v2\/media\/?parent=257"}],"curies":[{"name":"wp","href":"https:\/\/api.w.org\/{rel}","templated":true}]}}